{"id":2,"date":"2023-08-27T14:18:34","date_gmt":"2023-08-27T12:18:34","guid":{"rendered":"https:\/\/rentcarso.com\/?page_id=2"},"modified":"2023-10-26T12:49:45","modified_gmt":"2023-10-26T10:49:45","slug":"przykladowa-strona","status":"publish","type":"page","link":"https:\/\/rentcarso.com\/index.php\/przykladowa-strona\/","title":{"rendered":"Oferta i dost\u0119pno\u015b\u0107"},"content":{"rendered":"\n<p>W celu poznania dost\u0119pno\u015bci samochod\u00f3w oraz szczeg\u00f3\u0142\u00f3w oferty zapraszamy do kontaktu!<\/p>\n\n\n\n<p><\/p>\n","protected":false},"excerpt":{"rendered":"<p>W celu poznania dost\u0119pno\u015bci samochod\u00f3w oraz szczeg\u00f3\u0142\u00f3w oferty zapraszamy do kontaktu!<\/p>\n","protected":false},"author":1,"featured_media":51,"parent":0,"menu_order":0,"comment_status":"closed","ping_status":"open","template":"","meta":{"footnotes":""},"_links":{"self":[{"href":"https:\/\/rentcarso.com\/index.php\/wp-json\/wp\/v2\/pages\/2"}],"collection":[{"href":"https:\/\/rentcarso.com\/index.php\/wp-json\/wp\/v2\/pages"}],"about":[{"href":"https:\/\/rentcarso.com\/index.php\/wp-json\/wp\/v2\/types\/page"}],"author":[{"embeddable":true,"href":"https:\/\/rentcarso.com\/index.php\/wp-json\/wp\/v2\/users\/1"}],"replies":[{"embeddable":true,"href":"https:\/\/rentcarso.com\/index.php\/wp-json\/wp\/v2\/comments?post=2"}],"version-history":[{"count":1,"href":"https:\/\/rentcarso.com\/index.php\/wp-json\/wp\/v2\/pages\/2\/revisions"}],"predecessor-version":[{"id":40,"href":"https:\/\/rentcarso.com\/index.php\/wp-json\/wp\/v2\/pages\/2\/revisions\/40"}],"wp:featuredmedia":[{"embeddable":true,"href":"https:\/\/rentcarso.com\/index.php\/wp-json\/wp\/v2\/media\/51"}],"wp:attachment":[{"href":"https:\/\/rentcarso.com\/index.php\/wp-json\/wp\/v2\/media?parent=2"}],"curies":[{"name":"wp","href":"https:\/\/api.w.org\/{rel}","templated":true}]}}