{"id":7,"date":"2023-08-27T14:20:02","date_gmt":"2023-08-27T12:20:02","guid":{"rendered":"https:\/\/rentcarso.com\/index.php\/one-page-express-pro\/"},"modified":"2023-10-26T14:00:33","modified_gmt":"2023-10-26T12:00:33","slug":"one-page-express-pro","status":"publish","type":"page","link":"https:\/\/rentcarso.com\/","title":{"rendered":"Potrzebujesz samochodu?"},"content":{"rendered":"\n<p><\/p>\n\n\n\n<p><\/p>\n\n\n\n<p class=\"has-medium-font-size\">Jeste\u015bmy wypo\u017cyczalni\u0105 samochod\u00f3w zlokalizowan\u0105 w Katowicach obok Parku \u015al\u0105skiego. Oferujemy wynajem zar\u00f3wno kr\u00f3tko- jak i d\u0142ugoterminowy w atrakcyjnych cenach.<\/p>\n\n\n\n<p><\/p>\n\n\n\n<p><\/p>\n\n\n\n<p><\/p>\n","protected":false},"excerpt":{"rendered":"<p>Jeste\u015bmy wypo\u017cyczalni\u0105 samochod\u00f3w zlokalizowan\u0105 w Katowicach obok Parku \u015al\u0105skiego. Oferujemy wynajem zar\u00f3wno kr\u00f3tko- jak i d\u0142ugoterminowy w atrakcyjnych cenach.<\/p>\n","protected":false},"author":1,"featured_media":30,"parent":0,"menu_order":0,"comment_status":"closed","ping_status":"closed","template":"","meta":{"footnotes":""},"_links":{"self":[{"href":"https:\/\/rentcarso.com\/index.php\/wp-json\/wp\/v2\/pages\/7"}],"collection":[{"href":"https:\/\/rentcarso.com\/index.php\/wp-json\/wp\/v2\/pages"}],"about":[{"href":"https:\/\/rentcarso.com\/index.php\/wp-json\/wp\/v2\/types\/page"}],"author":[{"embeddable":true,"href":"https:\/\/rentcarso.com\/index.php\/wp-json\/wp\/v2\/users\/1"}],"replies":[{"embeddable":true,"href":"https:\/\/rentcarso.com\/index.php\/wp-json\/wp\/v2\/comments?post=7"}],"version-history":[{"count":12,"href":"https:\/\/rentcarso.com\/index.php\/wp-json\/wp\/v2\/pages\/7\/revisions"}],"predecessor-version":[{"id":71,"href":"https:\/\/rentcarso.com\/index.php\/wp-json\/wp\/v2\/pages\/7\/revisions\/71"}],"wp:featuredmedia":[{"embeddable":true,"href":"https:\/\/rentcarso.com\/index.php\/wp-json\/wp\/v2\/media\/30"}],"wp:attachment":[{"href":"https:\/\/rentcarso.com\/index.php\/wp-json\/wp\/v2\/media?parent=7"}],"curies":[{"name":"wp","href":"https:\/\/api.w.org\/{rel}","templated":true}]}}